{"id":1945,"date":"2023-11-14T16:31:09","date_gmt":"2023-11-14T15:31:09","guid":{"rendered":"https:\/\/gite-de-charme-riquewihr.fr\/kontakt\/"},"modified":"2024-02-28T16:17:16","modified_gmt":"2024-02-28T15:17:16","slug":"kontakt","status":"publish","type":"page","link":"https:\/\/gite-de-charme-riquewihr.fr\/de\/kontakt\/","title":{"rendered":"Kontakt"},"content":{"rendered":"<p>[et_pb_section fb_built=\"1\" _builder_version=\"4.23.1\" _module_preset=\"default\" background_enable_color=\"off\" custom_padding=\"||0px||false|false\" locked=\"off\" global_colors_info=\"{}\"][et_pb_row _builder_version=\"4.23.1\" _module_preset=\"default\" width_tablet=\"95%\" width_phone=\"95%\" width_last_edited=\"on|phone\" locked=\"off\" global_colors_info=\"{}\"][et_pb_column type=\"4_4\" _builder_version=\"4.17.6\" _module_preset=\"default\" global_colors_info=\"{}\"][et_pb_text _builder_version=\"4.23.1\" _module_preset=\"c16985e1-e0d6-4022-964d-e2bfc04fa633\" header_font=\"|700|||||||\" header_text_color=\"#666666\" header_font_size=\"75px\" header_letter_spacing=\"0.05em\" header_line_height=\"1.2em\" header_font_size_tablet=\"40px\" header_font_size_phone=\"30px\" header_font_size_last_edited=\"on|tablet\" global_colors_info=\"{}\"]<\/p>\n<h1>Kontakt<\/h1>\n<p>[\/et_pb_text][\/et_pb_column][\/et_pb_row][et_pb_row _builder_version=\"4.23.1\" _module_preset=\"default\" width_tablet=\"95%\" width_phone=\"95%\" width_last_edited=\"on|phone\" max_width=\"1400px\" global_colors_info=\"{}\"][et_pb_column type=\"4_4\" _builder_version=\"4.23.1\" _module_preset=\"default\" global_colors_info=\"{}\"][et_pb_text _builder_version=\"4.23.1\" _module_preset=\"default\" text_font=\"|300|||||||\" header_2_font_size=\"20px\" global_colors_info=\"{}\"]<\/p>\n<h2>LASSEN SIE UNS IHRE NACHRICHT<\/h2>\n<p>Lust, uns zu besuchen (oder wiederzukommen)? Ben\u00f6tigen Sie eine Pr\u00e4zisierung oder Best\u00e4tigung? Da es 1000 Gr\u00fcnde gibt, mit uns in Kontakt zu treten, schreiben Sie uns mithilfe des unten stehenden Formulars: Wir werden Ihnen so schnell wie m\u00f6glich antworten.<\/p>\n<p>[\/et_pb_text][\/et_pb_column][\/et_pb_row][et_pb_row _builder_version=\"4.23.1\" _module_preset=\"default\" width_tablet=\"95%\" width_phone=\"95%\" width_last_edited=\"on|phone\" max_width=\"1400px\" locked=\"on\" global_colors_info=\"{}\"][et_pb_column type=\"4_4\" _builder_version=\"4.23.1\" _module_preset=\"default\" global_colors_info=\"{}\"][et_pb_contact_form use_spam_service=\"on\" recaptcha_list=\"BALCONS RIQUEWIHR V3|BALCONS RIQUEWIHR V3-0\" email=\"contact@lesbalconsderiquewihr.fr, jc.koeberle@live.fr, contact@neoh.fr\" custom_message=\"Sie haben eine Nachricht vom Kontaktformular Ihrer Website erhalten:||et_pb_line_break_holder||||et_pb_line_break_holder||Nom :%%Name%%||et_pb_line_break_holder||||et_pb_line_break_holder||Pr\u00e9nom : %%Prenom%%||et_pb_line_break_holder||||et_pb_line_break_holder||T\u00e9l\u00e9phone : %%Telephone%%||et_pb_line_break_holder||||et_pb_line_break_holder||E-mail : %%Email%%||et_pb_line_break_holder||||et_pb_line_break_holder||Message : %%Message%%\" success_message=\"Wir haben Ihre Nachricht erhalten und werden sie so schnell wie m\u00f6glich beantworten.\" submit_button_text=\"Senden Sie\" _builder_version=\"4.24.2\" _module_preset=\"default\" _unique_id=\"4e29afca-c5cc-4133-a6e4-07f199bf4324\" form_field_background_color=\"#FFFFFF\" form_field_text_color=\"#666666\" custom_button=\"on\" button_text_size=\"16px\" button_text_color=\"#68AB2F\" button_border_color=\"#68AB2F\" button_border_radius=\"10px\" button_font=\"|||on|||||\" button_icon=\"&#xe010;||divi||400\" hover_enabled=\"0\" border_radii=\"on|10px|10px|10px|10px\" border_width_all=\"1px\" border_color_all=\"#68AB2F\" global_colors_info=\"{}\" sticky_enabled=\"0\"][et_pb_contact_field field_id=\"Name\" field_title=\"Name\" _builder_version=\"4.16\" global_colors_info=\"{}\" button_text_size__hover_enabled=\"off\" button_one_text_size__hover_enabled=\"off\" button_two_text_size__hover_enabled=\"off\" button_text_color__hover_enabled=\"off\" button_one_text_color__hover_enabled=\"off\" button_two_text_color__hover_enabled=\"off\" button_border_width__hover_enabled=\"off\" button_one_border_width__hover_enabled=\"off\" button_two_border_width__hover_enabled=\"off\" button_border_color__hover_enabled=\"off\" button_one_border_color__hover_enabled=\"off\" button_two_border_color__hover_enabled=\"off\" button_border_radius__hover_enabled=\"off\" button_one_border_radius__hover_enabled=\"off\" button_two_border_radius__hover_enabled=\"off\" button_letter_spacing__hover_enabled=\"off\" button_one_letter_spacing__hover_enabled=\"off\" button_two_letter_spacing__hover_enabled=\"off\" button_bg_color__hover_enabled=\"off\" button_one_bg_color__hover_enabled=\"off\" button_two_bg_color__hover_enabled=\"off\"][\/et_pb_contact_field][et_pb_contact_field field_id=\"Prenom\" field_title=\"Vorname\" _builder_version=\"4.23.1\" _module_preset=\"default\" global_colors_info=\"{}\"][\/et_pb_contact_field][et_pb_contact_field field_id=\"Telephone\" field_title=\"Telefon\" allowed_symbols=\"numbers\" _builder_version=\"4.23.1\" _module_preset=\"default\" global_colors_info=\"{}\"][\/et_pb_contact_field][et_pb_contact_field field_id=\"Email\" field_title=\"E-Mail-Adresse\" field_type=\"email\" _builder_version=\"4.16\" global_colors_info=\"{}\" button_text_size__hover_enabled=\"off\" button_one_text_size__hover_enabled=\"off\" button_two_text_size__hover_enabled=\"off\" button_text_color__hover_enabled=\"off\" button_one_text_color__hover_enabled=\"off\" button_two_text_color__hover_enabled=\"off\" button_border_width__hover_enabled=\"off\" button_one_border_width__hover_enabled=\"off\" button_two_border_width__hover_enabled=\"off\" button_border_color__hover_enabled=\"off\" button_one_border_color__hover_enabled=\"off\" button_two_border_color__hover_enabled=\"off\" button_border_radius__hover_enabled=\"off\" button_one_border_radius__hover_enabled=\"off\" button_two_border_radius__hover_enabled=\"off\" button_letter_spacing__hover_enabled=\"off\" button_one_letter_spacing__hover_enabled=\"off\" button_two_letter_spacing__hover_enabled=\"off\" button_bg_color__hover_enabled=\"off\" button_one_bg_color__hover_enabled=\"off\" button_two_bg_color__hover_enabled=\"off\"][\/et_pb_contact_field][et_pb_contact_field field_id=\"Message\" field_title=\"Nachricht\" field_type=\"text\" fullwidth_field=\"on\" _builder_version=\"4.16\" global_colors_info=\"{}\" button_text_size__hover_enabled=\"off\" button_one_text_size__hover_enabled=\"off\" button_two_text_size__hover_enabled=\"off\" button_text_color__hover_enabled=\"off\" button_one_text_color__hover_enabled=\"off\" button_two_text_color__hover_enabled=\"off\" button_border_width__hover_enabled=\"off\" button_one_border_width__hover_enabled=\"off\" button_two_border_width__hover_enabled=\"off\" button_border_color__hover_enabled=\"off\" button_one_border_color__hover_enabled=\"off\" button_two_border_color__hover_enabled=\"off\" button_border_radius__hover_enabled=\"off\" button_one_border_radius__hover_enabled=\"off\" button_two_border_radius__hover_enabled=\"off\" button_letter_spacing__hover_enabled=\"off\" button_one_letter_spacing__hover_enabled=\"off\" button_two_letter_spacing__hover_enabled=\"off\" button_bg_color__hover_enabled=\"off\" button_one_bg_color__hover_enabled=\"off\" button_two_bg_color__hover_enabled=\"off\"][\/et_pb_contact_field][et_pb_contact_field field_id=\"RGPD\" field_title=\"DSGVO\" field_type=\"checkbox\" checkbox_options=\"%91{%22value%22:%22Wenn ich dieses Kontaktformular ausf\u00fclle, verstehe ich, dass meine pers\u00f6nlichen Daten nach dem Anklicken der Schaltfl\u00e4che &apos;Senden&apos; nur an den Verantwortlichen der Website weitergeleitet werden, um diesem zu erm\u00f6glichen, mir zu antworten.%22,%22checked%22:0,%22dragID%22:-1}%93\" fullwidth_field=\"on\" _builder_version=\"4.23.1\" _module_preset=\"default\" form_field_text_color=\"#666666\" form_field_focus_text_color=\"#666666\" form_field_font=\"|300|||||||\" form_field_font_size=\"12px\" border_radii=\"on|5px|5px|5px|5px\" global_colors_info=\"{}\"][\/et_pb_contact_field][\/et_pb_contact_form][\/et_pb_column][\/et_pb_row][et_pb_row column_structure=\"1_2,1_2\" make_equal=\"on\" _builder_version=\"4.23.1\" _module_preset=\"default\" width_tablet=\"\" width_phone=\"\" width_last_edited=\"on|tablet\" max_width=\"1400px\" global_colors_info=\"{}\"][et_pb_column type=\"1_2\" _builder_version=\"4.23.1\" _module_preset=\"default\" global_colors_info=\"{}\"][et_pb_image src=\"https:\/\/gite-de-charme-riquewihr.fr\/wp-content\/uploads\/2024\/02\/plan-acces-balcons-de-riquewihr.jpg\" alt=\"Plan\" title_text=\"plan-acces-balcons-de-riquewihr\" _builder_version=\"4.24.0\" _module_preset=\"default\" locked=\"on\" global_colors_info=\"{}\"][\/et_pb_image][\/et_pb_column][et_pb_column type=\"1_2\" _builder_version=\"4.23.1\" _module_preset=\"default\" custom_css_main_element=\"margin:auto;||\" global_colors_info=\"{}\"][et_pb_text _builder_version=\"4.23.1\" _module_preset=\"default\" text_font=\"|300|||||||\" header_3_font=\"|600|||||||\" header_3_text_align=\"center\" header_3_text_color=\"#666666\" global_colors_info=\"{}\"]<\/p>\n<h3>Sie k\u00f6nnen die Route zu unserem Ziel in WAZE herunterladen, indem Sie auf die untenstehende Schaltfl\u00e4che klicken.<\/h3>\n<p>Um Ihre Anreise zu vereinfachen, empfehlen wir Ihnen, wenn Sie in Riquewihr ankommen, die Avenue Jacques Preiss zu nehmen, dann links in die Avenue M\u00e9quillet abzubiegen und den Bus- und LKW-Parkplatz zu \u00fcberqueren, der Sie direkt zu unserem Haus f\u00fchrt (siehe Plan).<\/p>\n<p>[\/et_pb_text][et_pb_button button_url=\"https:\/\/ul.waze.com\/ul?from=place.EitBdi4gSmFjcXVlcyBQcmVpc3MsIDY4MzQwIFJpcXVld2lociwgRnJhbmNlIi4qLAoUChIJic9PkqpgkUcRO_hr_1SdQ8kSFAoSCYebQCgwXpFHESAwOZq5XwoE&place=ChIJaxLphalgkUcRE9Xw-Ib-WbI&ll=48.16540790%2C7.29763670&navigate=yes&utm_medium=send_to_phone_QR\" url_new_window=\"on\" button_text=\"Meine Fahrt \u00fcber WAZE\" button_alignment=\"center\" _builder_version=\"4.23.1\" _module_preset=\"default\" custom_button=\"on\" button_text_color=\"#68AB2F\" button_bg_color=\"#FFFFFF\" button_border_width=\"2px\" button_border_color=\"#68AB2F\" button_border_radius=\"10px\" button_font=\"|||on|||||\" button_icon=\"&#xf83f;||fa||400\" button_icon_color=\"#68AB2F\" custom_padding=\"|25px||25px|false|true\" custom_padding_tablet=\"|40px||40px|false|true\" custom_padding_phone=\"|40px||40px|false|true\" custom_padding_last_edited=\"on|desktop\" locked=\"on\" global_colors_info=\"{}\" custom_padding__hover_enabled=\"on|hover\" custom_padding__hover=\"|35px||35px|false|true\"][\/et_pb_button][\/et_pb_column][\/et_pb_row][\/et_pb_section]<\/p>\n","protected":false},"excerpt":{"rendered":"<p>KontaktLASSEN SIE UNS IHRE NACHRICHT Lust, uns zu besuchen (oder wiederzukommen)? Ben\u00f6tigen Sie eine Pr\u00e4zisierung oder Best\u00e4tigung? Da es 1000 Gr\u00fcnde gibt, mit uns in Kontakt zu treten, schreiben Sie uns mithilfe des unten stehenden Formulars: Wir werden Ihnen so schnell wie m\u00f6glich antworten.Sie k\u00f6nnen die Route zu unserem Ziel in WAZE herunterladen, indem Sie auf die untenstehende Schaltfl\u00e4che klicken. Um Ihre Anreise zu vereinfachen, empfehlen wir Ihnen, wenn Sie in Riquewihr ankommen, die Avenue Jacques Preiss zu nehmen, dann links in die Avenue M\u00e9quillet abzubiegen und den Bus- und LKW-Parkplatz zu \u00fcberqueren, der Sie direkt zu unserem Haus f\u00fchrt (siehe Plan).<\/p>\n","protected":false},"author":3,"featured_media":0,"parent":0,"menu_order":14,"comment_status":"closed","ping_status":"closed","template":"","meta":{"_seopress_robots_primary_cat":"","_seopress_titles_title":"","_seopress_titles_desc":"","_seopress_robots_index":"","_et_pb_use_builder":"on","_et_pb_old_content":"","_et_gb_content_width":"","footnotes":""},"class_list":["post-1945","page","type-page","status-publish","hentry"],"_links":{"self":[{"href":"https:\/\/gite-de-charme-riquewihr.fr\/de\/wp-json\/wp\/v2\/pages\/1945","targetHints":{"allow":["GET"]}}],"collection":[{"href":"https:\/\/gite-de-charme-riquewihr.fr\/de\/wp-json\/wp\/v2\/pages"}],"about":[{"href":"https:\/\/gite-de-charme-riquewihr.fr\/de\/wp-json\/wp\/v2\/types\/page"}],"author":[{"embeddable":true,"href":"https:\/\/gite-de-charme-riquewihr.fr\/de\/wp-json\/wp\/v2\/users\/3"}],"replies":[{"embeddable":true,"href":"https:\/\/gite-de-charme-riquewihr.fr\/de\/wp-json\/wp\/v2\/comments?post=1945"}],"version-history":[{"count":12,"href":"https:\/\/gite-de-charme-riquewihr.fr\/de\/wp-json\/wp\/v2\/pages\/1945\/revisions"}],"predecessor-version":[{"id":3683,"href":"https:\/\/gite-de-charme-riquewihr.fr\/de\/wp-json\/wp\/v2\/pages\/1945\/revisions\/3683"}],"wp:attachment":[{"href":"https:\/\/gite-de-charme-riquewihr.fr\/de\/wp-json\/wp\/v2\/media?parent=1945"}],"curies":[{"name":"wp","href":"https:\/\/api.w.org\/{rel}","templated":true}]}}